{"id":2398,"date":"2024-05-15T16:43:55","date_gmt":"2024-05-15T14:43:55","guid":{"rendered":"https:\/\/038arquitectura.com\/politica-de-cookies\/"},"modified":"2024-05-26T21:23:10","modified_gmt":"2024-05-26T19:23:10","slug":"politica-de-cookies","status":"publish","type":"page","link":"https:\/\/038arquitectura.com\/es\/politica-de-cookies\/","title":{"rendered":"Pol\u00edtica de cookies"},"content":{"rendered":"\n<h1 class=\"wp-block-heading\">Cookie Policy (EU)<\/h1>\n\n<p><em>This Cookie Policy was last updated on 28\/03\/2023 and applies to citizens and legal permanent residents of the European Economic Area and Switzerland.<\/em><\/p>\n\n<h2 class=\"wp-block-heading\">1. Introducci\u00f3<\/h2>\n\n<p>El nostre lloc web, <a href=\"http:\/\/www.038arquitectura.com\">www.038arquitectura.com<\/a> (d\u2019ara endavant \u201cel lloc web\u201d) utilitza galetes i altres tecnologies relacionades (per comoditat, totes les tecnologies es denominen \u201cgaletes\u201d). Les galetes tamb\u00e9 s\u00f3n col\u00b7locades per tercers que hem contractat. En el document seg\u00fcent us informem sobre l\u2019\u00fas de les galetes al nostre lloc web.<\/p>\n\n<h2 class=\"wp-block-heading\">2. Qu\u00e8 s\u00f3n les cookies?<\/h2>\n\n<p>Una galeta \u00e9s un fitxer petit i senzill que s\u2019envia juntament amb p\u00e0gines d\u2019aquest lloc web i que el vostre navegador emmagatzema al disc dur de l\u2019ordinador o un altre dispositiu. La informaci\u00f3 emmagatzemada en ell es pot tornar als nostres servidors o als servidors dels tercers corresponents durant una visita posterior.<\/p>\n\n<h2 class=\"wp-block-heading\">3. Quins s\u00f3n els scripts?<\/h2>\n\n<p>Un script \u00e9s una pe\u00e7a de codi de programari que s\u2019utilitza perqu\u00e8 el nostre web funcioni correctament i interactivament. Aquest codi s\u2019executa al nostre servidor o al vostre dispositiu.<\/p>\n\n<h2 class=\"wp-block-heading\">4. Qu\u00e8 \u00e9s un web beacon?<\/h2>\n\n<p>Una balisa web (o una etiqueta de p\u00edxel) \u00e9s una petita i invisible pe\u00e7a de text o imatge en un lloc web que s\u2019utilitza per controlar el tr\u00e0nsit d\u2019un lloc web. Per fer-ho, s\u2019emmagatzemen diverses dades utilitzant balises web.<\/p>\n\n<h2 class=\"wp-block-heading\">5. Galetes<\/h2>\n\n<p>5.1 Galetes t\u00e8cniques o funcionals<\/p>\n\n<p>Algunes galetes asseguren que certes parts del lloc web funcionen correctament i que les prefer\u00e8ncies dels usuaris segueixin sent conegudes. Utilitzant galetes funcionals, us facilitem que visiteu el nostre lloc web. D\u2019aquesta manera, no cal que introdu\u00efu repetidament la mateixa informaci\u00f3 quan visiteu el nostre lloc web i, per exemple, els elements romanen al carret\u00f3 de la compra fins que h\u00e0giu pagat. Podem posar aquestes galetes sense el vostre consentiment.<\/p>\n\n<p>5.2 Cookies de m\u00e0rqueting\/rastreig<\/p>\n\n<p>Les cookies de m\u00e0rqueting o de rastreig s\u00f3n cookies o qualsevol altra forma d\u2019emmagatzematge local, utilitzat per crear perfils d\u2019usuari per mostrar anuncis o per rastrejar l\u2019usuari en aquest lloc web o a trav\u00e9s d\u2019altres llocs web per a prop\u00f2sits de m\u00e0rqueting similars.<\/p>\n\n<h2 class=\"wp-block-heading\">6. Galetes col\u00b7locades<\/h2>\n\n<h3 class=\"wp-block-heading\">Elementor<\/h3>\n\n<p>Estad\u00edstiques (an\u00f2nim)<\/p>\n\n<p>Consent to service elementor<\/p>\n\n<h4 class=\"wp-block-heading\">\u00das<\/h4>\n\n<h4 class=\"wp-block-heading\">Compartici\u00f3 de dades<\/h4>\n\n<p>Aquestes dades no s\u00f3n compartides amb tercers.<\/p>\n\n<h4 class=\"wp-block-heading\">Estad\u00edstiques (an\u00f2nim)<\/h4>\n\n<h5 class=\"wp-block-heading\">Nom<\/h5>\n\n<p><a target=\"_blank\" rel=\"noreferrer noopener\" href=\"https:\/\/cookiedatabase.org\/cookie\/unknown-service\/elementor\/\">elementor<\/a><\/p>\n\n<h5 class=\"wp-block-heading\">Expiration<\/h5>\n\n<p>persistent<\/p>\n\n<h5 class=\"wp-block-heading\">Funci\u00f3<\/h5>\n\n<p>Emmagatzema les accions fetes pels usuaris en el lloc web<\/p>\n\n<h2 class=\"wp-block-heading\">7. Consentiment<\/h2>\n\n<p>Quan visiteu el nostre lloc web per primera vegada, us mostrarem un missatge emergent amb una explicaci\u00f3 sobre les cookies. Tan bon punt com feu clic a \u201cSave preferences\u201d, ens consentiu a utilitzar les categories de cookies i extensions que heu seleccionat al missatge emergent, tal com es descriu en aquesta Pol\u00edtica de cookies. Podeu desactivar l\u2019\u00fas de cookies a trav\u00e9s del vostre navegador, per\u00f2 tingueu en compte que pot ser que el nostre lloc web ja no funcioni correctament.<\/p>\n\n<p>7.1 Gestioneu les vostres prefer\u00e8ncies de consentiment Functional Sempre actiu Funcional Sempre actiu M\u00e0rqueting<\/p>\n\n<p>The technical storage or access is strictly necessary for the legitimate purpose of enabling the use of a specific service explicitly requested by the subscriber or user, or for the sole purpose of carrying out the transmission of a communication over an electronic communications network. Marketing<\/p>\n\n<p>The technical storage or access is required to create user profiles to send advertising, or to track the user on a website or across several websites for similar marketing purposes.<\/p>\n\n<h2 class=\"wp-block-heading\">8. Activaci\u00f3 \/ desactivaci\u00f3 i eliminaci\u00f3 de galetes<\/h2>\n\n<p>Podeu utilitzar el navegador per a esborrar les cookies autom\u00e0ticament o manualment. A m\u00e9s, podeu especificar que determinades cookies no siguin col\u00b7locades. Una altra opci\u00f3 \u00e9s canviar les prefer\u00e8ncies del vostre navegador per a rebre un missatge cada cop que una cookie \u00e9s col\u00b7locada. Per a m\u00e9s informaci\u00f3, podeu consultar les instruccions a l\u2019Ajuda del vostre navegador.<\/p>\n\n<p>Please note that our website may not work properly if all cookies are disabled. If you do delete the cookies in your browser, they will be placed again after your consent when you visit our website again.<\/p>\n\n<h2 class=\"wp-block-heading\">9. Els vostres drets respecte de les dades personals<\/h2>\n\n<p>Teniu els drets seg\u00fcents respecte a les vostres dades personals:<\/p>\n\n<ul class=\"wp-block-list\">\n<li>Teniu dret a saber per qu\u00e8 es necessiten les vostres dades personals, qu\u00e8 li passar\u00e0 i quant de temps es mantindr\u00e0.<\/li>\n\n\n\n<li>Dret d\u2019acc\u00e9s: teniu dret a accedir a les vostres dades personals que ens s\u00f3n conegudes.<\/li>\n\n\n\n<li>Dret de rectificaci\u00f3: teniu dret a completar, corregir, suprimir o bloquejar les vostres dades personals sempre que ho desitgeu.<\/li>\n\n\n\n<li>Si ens doneu el consentiment per processar les seves dades, teniu el dret de revocar aquest consentiment i de suprimir les vostres dades personals.<\/li>\n\n\n\n<li>Dret de transferir les vostres dades: teniu el dret de sol\u00b7licitar totes les dades personals del controlador i transferir-les completament a un altre controlador.<\/li>\n\n\n\n<li>Dret a l\u2019oposici\u00f3: podeu oposar-vos al processament de les vostres dades. Complim amb aix\u00f2, tret que hi hagi motius justificats per al processament.<\/li>\n<\/ul>\n\n<p>Per exercir aquests drets, poseu-vos en contacte amb nosaltres. Consulteu les dades de contacte a la part inferior d\u2019aquesta Pol\u00edtica de cookies. Si teniu una queixa sobre com gestionem les vostres dades, ens agradaria escoltar-vos, per\u00f2 tamb\u00e9 teniu el dret de presentar una reclamaci\u00f3 a l\u2019autoritat de supervisi\u00f3 (l\u2019Ag\u00e8ncia de Protecci\u00f3 de Dades).<\/p>\n\n<h2 class=\"wp-block-heading\">10. Detalls de contacte<\/h2>\n\n<p>Per a preguntes i\/o comentaris sobre la nostra Pol\u00edtica de cookies i aquesta declaraci\u00f3, poseu-vos en contacte amb nosaltres mitjan\u00e7ant les seg\u00fcents dades de contacte:<\/p>\n\n<p>038 Arquitectura<br\/>PARATGE LA FULLACA, S\/N \u2013 17494 PAU<br\/>Espanya<br\/>Lloc web: <a href=\"http:\/\/www.038arquitectura.com\">www.038arquitectura.com<\/a><br\/>Correu electr\u00f2nic: <a href=\"mailto:estudi@038arquitectura.com\"><\/a><a href=\"mailto:estudi@038arquitectura.com\">estudi@038arquitectura.com<\/a><br\/>N\u00famero de tel\u00e8fon: +34 972 514 980<\/p>\n","protected":false},"excerpt":{"rendered":"<p>Cookie Policy (EU) This Cookie Policy was last updated on 28\/03\/2023 and applies to citizens and legal permanent residents of the European Economic Area and Switzerland. 1. Introducci\u00f3 El nostre lloc web, www.038arquitectura.com (d\u2019ara endavant \u201cel lloc web\u201d) utilitza galetes i altres tecnologies relacionades (per comoditat, totes les tecnologies es&#8230; <\/p>\n<div class=\"readmore\"><a href=\"https:\/\/038arquitectura.com\/es\/politica-de-cookies\/\" class=\"btn-link\">Read more<\/a><\/div>\n","protected":false},"author":2,"featured_media":0,"parent":0,"menu_order":0,"comment_status":"closed","ping_status":"closed","template":"","meta":{"_acf_changed":false,"footnotes":""},"class_list":["post-2398","page","type-page","status-publish","hentry"],"acf":[],"yoast_head":"<!-- This site is optimized with the Yoast SEO plugin v26.9 - https:\/\/yoast.com\/product\/yoast-seo-wordpress\/ -->\n<title>Pol\u00edtica de cookies - 038 Arquitectura<\/title>\n<meta name=\"robots\" content=\"index, follow, max-snippet:-1, max-image-preview:large, max-video-preview:-1\" \/>\n<link rel=\"canonical\" href=\"https:\/\/038arquitectura.com\/politica-de-cookies\/\" \/>\n<meta property=\"og:locale\" content=\"es_ES\" \/>\n<meta property=\"og:type\" content=\"article\" \/>\n<meta property=\"og:title\" content=\"Pol\u00edtica de cookies - 038 Arquitectura\" \/>\n<meta property=\"og:description\" content=\"Cookie Policy (EU) This Cookie Policy was last updated on 28\/03\/2023 and applies to citizens and legal permanent residents of the European Economic Area and Switzerland. 1. Introducci\u00f3 El nostre lloc web, www.038arquitectura.com (d\u2019ara endavant \u201cel lloc web\u201d) utilitza galetes i altres tecnologies relacionades (per comoditat, totes les tecnologies es... Read more\" \/>\n<meta property=\"og:url\" content=\"https:\/\/038arquitectura.com\/politica-de-cookies\/\" \/>\n<meta property=\"og:site_name\" content=\"038 Arquitectura\" \/>\n<meta property=\"article:modified_time\" content=\"2024-05-26T19:23:10+00:00\" \/>\n<meta name=\"twitter:card\" content=\"summary_large_image\" \/>\n<meta name=\"twitter:label1\" content=\"Tiempo de lectura\" \/>\n\t<meta name=\"twitter:data1\" content=\"5 minutos\" \/>\n<script type=\"application\/ld+json\" class=\"yoast-schema-graph\">{\"@context\":\"https:\/\/schema.org\",\"@graph\":[{\"@type\":\"WebPage\",\"@id\":\"https:\/\/038arquitectura.com\/politica-de-cookies\/\",\"url\":\"https:\/\/038arquitectura.com\/politica-de-cookies\/\",\"name\":\"Pol\u00edtica de cookies - 038 Arquitectura\",\"isPartOf\":{\"@id\":\"https:\/\/038arquitectura.com\/es\/#website\"},\"datePublished\":\"2024-05-15T14:43:55+00:00\",\"dateModified\":\"2024-05-26T19:23:10+00:00\",\"breadcrumb\":{\"@id\":\"https:\/\/038arquitectura.com\/politica-de-cookies\/#breadcrumb\"},\"inLanguage\":\"es\",\"potentialAction\":[{\"@type\":\"ReadAction\",\"target\":[\"https:\/\/038arquitectura.com\/politica-de-cookies\/\"]}]},{\"@type\":\"BreadcrumbList\",\"@id\":\"https:\/\/038arquitectura.com\/politica-de-cookies\/#breadcrumb\",\"itemListElement\":[{\"@type\":\"ListItem\",\"position\":1,\"name\":\"Inici\",\"item\":\"https:\/\/038arquitectura.com\/es\/\"},{\"@type\":\"ListItem\",\"position\":2,\"name\":\"Pol\u00edtica de cookies\"}]},{\"@type\":\"WebSite\",\"@id\":\"https:\/\/038arquitectura.com\/es\/#website\",\"url\":\"https:\/\/038arquitectura.com\/es\/\",\"name\":\"038 Arquitectura\",\"description\":\"\",\"publisher\":{\"@id\":\"https:\/\/038arquitectura.com\/es\/#organization\"},\"potentialAction\":[{\"@type\":\"SearchAction\",\"target\":{\"@type\":\"EntryPoint\",\"urlTemplate\":\"https:\/\/038arquitectura.com\/es\/?s={search_term_string}\"},\"query-input\":{\"@type\":\"PropertyValueSpecification\",\"valueRequired\":true,\"valueName\":\"search_term_string\"}}],\"inLanguage\":\"es\"},{\"@type\":\"Organization\",\"@id\":\"https:\/\/038arquitectura.com\/es\/#organization\",\"name\":\"038 Arquitectura\",\"url\":\"https:\/\/038arquitectura.com\/es\/\",\"logo\":{\"@type\":\"ImageObject\",\"inLanguage\":\"es\",\"@id\":\"https:\/\/038arquitectura.com\/es\/#\/schema\/logo\/image\/\",\"url\":\"https:\/\/038arquitectura.com\/wp-content\/uploads\/2021\/07\/header_80K.png\",\"contentUrl\":\"https:\/\/038arquitectura.com\/wp-content\/uploads\/2021\/07\/header_80K.png\",\"width\":1845,\"height\":1189,\"caption\":\"038 Arquitectura\"},\"image\":{\"@id\":\"https:\/\/038arquitectura.com\/es\/#\/schema\/logo\/image\/\"}}]}<\/script>\n<!-- \/ Yoast SEO plugin. -->","yoast_head_json":{"title":"Pol\u00edtica de cookies - 038 Arquitectura","robots":{"index":"index","follow":"follow","max-snippet":"max-snippet:-1","max-image-preview":"max-image-preview:large","max-video-preview":"max-video-preview:-1"},"canonical":"https:\/\/038arquitectura.com\/politica-de-cookies\/","og_locale":"es_ES","og_type":"article","og_title":"Pol\u00edtica de cookies - 038 Arquitectura","og_description":"Cookie Policy (EU) This Cookie Policy was last updated on 28\/03\/2023 and applies to citizens and legal permanent residents of the European Economic Area and Switzerland. 1. Introducci\u00f3 El nostre lloc web, www.038arquitectura.com (d\u2019ara endavant \u201cel lloc web\u201d) utilitza galetes i altres tecnologies relacionades (per comoditat, totes les tecnologies es... Read more","og_url":"https:\/\/038arquitectura.com\/politica-de-cookies\/","og_site_name":"038 Arquitectura","article_modified_time":"2024-05-26T19:23:10+00:00","twitter_card":"summary_large_image","twitter_misc":{"Tiempo de lectura":"5 minutos"},"schema":{"@context":"https:\/\/schema.org","@graph":[{"@type":"WebPage","@id":"https:\/\/038arquitectura.com\/politica-de-cookies\/","url":"https:\/\/038arquitectura.com\/politica-de-cookies\/","name":"Pol\u00edtica de cookies - 038 Arquitectura","isPartOf":{"@id":"https:\/\/038arquitectura.com\/es\/#website"},"datePublished":"2024-05-15T14:43:55+00:00","dateModified":"2024-05-26T19:23:10+00:00","breadcrumb":{"@id":"https:\/\/038arquitectura.com\/politica-de-cookies\/#breadcrumb"},"inLanguage":"es","potentialAction":[{"@type":"ReadAction","target":["https:\/\/038arquitectura.com\/politica-de-cookies\/"]}]},{"@type":"BreadcrumbList","@id":"https:\/\/038arquitectura.com\/politica-de-cookies\/#breadcrumb","itemListElement":[{"@type":"ListItem","position":1,"name":"Inici","item":"https:\/\/038arquitectura.com\/es\/"},{"@type":"ListItem","position":2,"name":"Pol\u00edtica de cookies"}]},{"@type":"WebSite","@id":"https:\/\/038arquitectura.com\/es\/#website","url":"https:\/\/038arquitectura.com\/es\/","name":"038 Arquitectura","description":"","publisher":{"@id":"https:\/\/038arquitectura.com\/es\/#organization"},"potentialAction":[{"@type":"SearchAction","target":{"@type":"EntryPoint","urlTemplate":"https:\/\/038arquitectura.com\/es\/?s={search_term_string}"},"query-input":{"@type":"PropertyValueSpecification","valueRequired":true,"valueName":"search_term_string"}}],"inLanguage":"es"},{"@type":"Organization","@id":"https:\/\/038arquitectura.com\/es\/#organization","name":"038 Arquitectura","url":"https:\/\/038arquitectura.com\/es\/","logo":{"@type":"ImageObject","inLanguage":"es","@id":"https:\/\/038arquitectura.com\/es\/#\/schema\/logo\/image\/","url":"https:\/\/038arquitectura.com\/wp-content\/uploads\/2021\/07\/header_80K.png","contentUrl":"https:\/\/038arquitectura.com\/wp-content\/uploads\/2021\/07\/header_80K.png","width":1845,"height":1189,"caption":"038 Arquitectura"},"image":{"@id":"https:\/\/038arquitectura.com\/es\/#\/schema\/logo\/image\/"}}]}},"_links":{"self":[{"href":"https:\/\/038arquitectura.com\/es\/wp-json\/wp\/v2\/pages\/2398","targetHints":{"allow":["GET"]}}],"collection":[{"href":"https:\/\/038arquitectura.com\/es\/wp-json\/wp\/v2\/pages"}],"about":[{"href":"https:\/\/038arquitectura.com\/es\/wp-json\/wp\/v2\/types\/page"}],"author":[{"embeddable":true,"href":"https:\/\/038arquitectura.com\/es\/wp-json\/wp\/v2\/users\/2"}],"replies":[{"embeddable":true,"href":"https:\/\/038arquitectura.com\/es\/wp-json\/wp\/v2\/comments?post=2398"}],"version-history":[{"count":1,"href":"https:\/\/038arquitectura.com\/es\/wp-json\/wp\/v2\/pages\/2398\/revisions"}],"predecessor-version":[{"id":2399,"href":"https:\/\/038arquitectura.com\/es\/wp-json\/wp\/v2\/pages\/2398\/revisions\/2399"}],"wp:attachment":[{"href":"https:\/\/038arquitectura.com\/es\/wp-json\/wp\/v2\/media?parent=2398"}],"curies":[{"name":"wp","href":"https:\/\/api.w.org\/{rel}","templated":true}]}}