{"id":2424,"date":"2021-06-17T06:49:13","date_gmt":"2021-06-17T04:49:13","guid":{"rendered":"https:\/\/038arquitectura.com\/sobre-nosotros\/"},"modified":"2024-05-26T21:42:25","modified_gmt":"2024-05-26T19:42:25","slug":"sobre-nosotros","status":"publish","type":"page","link":"https:\/\/038arquitectura.com\/es\/sobre-nosotros\/","title":{"rendered":"Sobre nosotros"},"content":{"rendered":"\t\t<div data-elementor-type=\"wp-page\" data-elementor-id=\"2424\" class=\"elementor elementor-2424 elementor-306\">\n\t\t\t\t\t\t<section class=\"elementor-section elementor-top-section elementor-element elementor-element-24f918b elementor-section-full_width elementor-section-height-default elementor-section-height-default\" data-id=\"24f918b\" data-element_type=\"section\" data-e-type=\"section\">\n\t\t\t\t\t\t<div class=\"elementor-container elementor-column-gap-no\">\n\t\t\t\t\t<div class=\"elementor-column elementor-col-100 elementor-top-column elementor-element elementor-element-c77494c\" data-id=\"c77494c\" data-element_type=\"column\" data-e-type=\"column\">\n\t\t\t<div class=\"elementor-widget-wrap elementor-element-populated\">\n\t\t\t\t\t\t<div class=\"elementor-element elementor-element-794f13e elementor-widget elementor-widget-larson-intro\" data-id=\"794f13e\" data-element_type=\"widget\" data-e-type=\"widget\" data-widget_type=\"larson-intro.default\">\n\t\t\t\t<div class=\"elementor-widget-container\">\n\t\t\t\t\t\n\t\t<article class=\"article\">\n\t        <header class=\"article__header\">\n\t          <div class=\"container\">\n\t            \t            <h1 class=\"article__heading heading heading--size-large\">\n\t            \t<span >\n\t\t\t\t\t\t<p>Sobre nosotros<\/p>\t\t\t\t\t<\/span>\n\t            <\/h1>\n\t            \t            \t          <\/div>\n\t        <\/header>\n\t        \t        <div class=\"article__single-service-image container\">\n\t          <img decoding=\"async\" src=\"https:\/\/038arquitectura.com\/wp-content\/uploads\/2021\/06\/JD-Exterior5.jpg\" alt=\"\" \/>\n\t        <\/div>\n\t        \t    <\/article>\n\n\t\t\t\t\t\t<\/div>\n\t\t\t\t<\/div>\n\t\t\t\t\t<\/div>\n\t\t<\/div>\n\t\t\t\t\t<\/div>\n\t\t<\/section>\n\t\t\t\t<section class=\"elementor-section elementor-top-section elementor-element elementor-element-e61b6a8 elementor-section-full_width elementor-section-height-default elementor-section-height-default\" data-id=\"e61b6a8\" data-element_type=\"section\" data-e-type=\"section\">\n\t\t\t\t\t\t<div class=\"elementor-container elementor-column-gap-no\">\n\t\t\t\t\t<div class=\"elementor-column elementor-col-100 elementor-top-column elementor-element elementor-element-957378c\" data-id=\"957378c\" data-element_type=\"column\" data-e-type=\"column\">\n\t\t\t<div class=\"elementor-widget-wrap elementor-element-populated\">\n\t\t\t\t\t\t<div class=\"elementor-element elementor-element-25b14ea elementor-widget elementor-widget-larson-service-description\" data-id=\"25b14ea\" data-element_type=\"widget\" data-e-type=\"widget\" data-widget_type=\"larson-service-description.default\">\n\t\t\t\t<div class=\"elementor-widget-container\">\n\t\t\t\t\t\n\t\t\t\t<div class=\"article__main article__main--width-small container\">\n          <div class=\"single-service-block\">\n          \t<div >\n\t\t\t\t<h2>16 a\u00f1os <span class=\"color-yellow\">creando proyectos<\/span> con alma.<\/h2>\n<p>De la mano de Eva Gayol\u00e0 y Albert Santal\u00f3, hemos realizado una amplia gama de proyectos de rehabilitaci\u00f3n, de obra nueva, paisaj\u00edsticos, urban\u00edsticos, de peque\u00f1a y gran escala.<\/p>\n<p>Nos mueve el acompa\u00f1amiento del cliente en la escucha de todo lo que formar\u00e1 parte de la esencia del proyecto: sus ilusiones y necesidades, el entorno, el lugar, el paisaje, el clima, la luz, la historia, los materiales del lugar, las texturas, la trama urbana, el contexto social, la flexibilidad, para dar forma y modelar cada proyecto como \u00fanico e irrepetible.<\/p>\n<p>Uno de nuestros retos es proyectar con respeto, minimizando la huella ecol\u00f3gica.<\/p>\n<p><img fetchpriority=\"high\" decoding=\"async\" src=\"https:\/\/bslthemes.com\/import\/larson\/01\/uploads\/2021\/06\/drawing@2x.jpg\" alt=\"\" width=\"1460\" height=\"810\"><\/p><\/p>\n\t\t\t<\/div>\n\t\t  <\/div>\n\t\t<\/div>\n\t\t\n\t\t\t\t\t\t<\/div>\n\t\t\t\t<\/div>\n\t\t\t\t\t<\/div>\n\t\t<\/div>\n\t\t\t\t\t<\/div>\n\t\t<\/section>\n\t\t\t\t<\/div>\n\t\t","protected":false},"excerpt":{"rendered":"<p>Sobre nosotros 16 a\u00f1os creando proyectos con alma. De la mano de Eva Gayol\u00e0 y Albert Santal\u00f3, hemos realizado una amplia gama de proyectos de rehabilitaci\u00f3n, de obra nueva, paisaj\u00edsticos, urban\u00edsticos, de peque\u00f1a y gran escala. Nos mueve el acompa\u00f1amiento del cliente en la escucha de todo lo que formar\u00e1&#8230; <\/p>\n<div class=\"readmore\"><a href=\"https:\/\/038arquitectura.com\/es\/sobre-nosotros\/\" class=\"btn-link\">Read more<\/a><\/div>\n","protected":false},"author":1,"featured_media":0,"parent":0,"menu_order":0,"comment_status":"closed","ping_status":"closed","template":"template-elementor-default.php","meta":{"_acf_changed":false,"footnotes":""},"class_list":["post-2424","page","type-page","status-publish","hentry"],"acf":[],"yoast_head":"<!-- This site is optimized with the Yoast SEO plugin v26.9 - https:\/\/yoast.com\/product\/yoast-seo-wordpress\/ -->\n<title>Sobre nosotros - 038 Arquitectura<\/title>\n<meta name=\"robots\" content=\"index, follow, max-snippet:-1, max-image-preview:large, max-video-preview:-1\" \/>\n<link rel=\"canonical\" href=\"https:\/\/038arquitectura.com\/sobre-nosaltres\/\" \/>\n<meta property=\"og:locale\" content=\"es_ES\" \/>\n<meta property=\"og:type\" content=\"article\" \/>\n<meta property=\"og:title\" content=\"Sobre nosotros - 038 Arquitectura\" \/>\n<meta property=\"og:description\" content=\"Sobre nosotros 16 a\u00f1os creando proyectos con alma. De la mano de Eva Gayol\u00e0 y Albert Santal\u00f3, hemos realizado una amplia gama de proyectos de rehabilitaci\u00f3n, de obra nueva, paisaj\u00edsticos, urban\u00edsticos, de peque\u00f1a y gran escala. Nos mueve el acompa\u00f1amiento del cliente en la escucha de todo lo que formar\u00e1... Read more\" \/>\n<meta property=\"og:url\" content=\"https:\/\/038arquitectura.com\/sobre-nosaltres\/\" \/>\n<meta property=\"og:site_name\" content=\"038 Arquitectura\" \/>\n<meta property=\"article:modified_time\" content=\"2024-05-26T19:42:25+00:00\" \/>\n<meta property=\"og:image\" content=\"https:\/\/038arquitectura.com\/wp-content\/uploads\/2021\/06\/JD-Exterior5.jpg\" \/>\n<meta name=\"twitter:card\" content=\"summary_large_image\" \/>\n<meta name=\"twitter:label1\" content=\"Tiempo de lectura\" \/>\n\t<meta name=\"twitter:data1\" content=\"1 minuto\" \/>\n<script type=\"application\/ld+json\" class=\"yoast-schema-graph\">{\"@context\":\"https:\/\/schema.org\",\"@graph\":[{\"@type\":\"WebPage\",\"@id\":\"https:\/\/038arquitectura.com\/sobre-nosaltres\/\",\"url\":\"https:\/\/038arquitectura.com\/sobre-nosaltres\/\",\"name\":\"Sobre nosotros - 038 Arquitectura\",\"isPartOf\":{\"@id\":\"https:\/\/038arquitectura.com\/es\/#website\"},\"primaryImageOfPage\":{\"@id\":\"https:\/\/038arquitectura.com\/sobre-nosaltres\/#primaryimage\"},\"image\":{\"@id\":\"https:\/\/038arquitectura.com\/sobre-nosaltres\/#primaryimage\"},\"thumbnailUrl\":\"https:\/\/038arquitectura.com\/wp-content\/uploads\/2021\/06\/JD-Exterior5.jpg\",\"datePublished\":\"2021-06-17T04:49:13+00:00\",\"dateModified\":\"2024-05-26T19:42:25+00:00\",\"breadcrumb\":{\"@id\":\"https:\/\/038arquitectura.com\/sobre-nosaltres\/#breadcrumb\"},\"inLanguage\":\"es\",\"potentialAction\":[{\"@type\":\"ReadAction\",\"target\":[\"https:\/\/038arquitectura.com\/sobre-nosaltres\/\"]}]},{\"@type\":\"ImageObject\",\"inLanguage\":\"es\",\"@id\":\"https:\/\/038arquitectura.com\/sobre-nosaltres\/#primaryimage\",\"url\":\"https:\/\/038arquitectura.com\/wp-content\/uploads\/2021\/06\/JD-Exterior5.jpg\",\"contentUrl\":\"https:\/\/038arquitectura.com\/wp-content\/uploads\/2021\/06\/JD-Exterior5.jpg\"},{\"@type\":\"BreadcrumbList\",\"@id\":\"https:\/\/038arquitectura.com\/sobre-nosaltres\/#breadcrumb\",\"itemListElement\":[{\"@type\":\"ListItem\",\"position\":1,\"name\":\"Inici\",\"item\":\"https:\/\/038arquitectura.com\/es\/\"},{\"@type\":\"ListItem\",\"position\":2,\"name\":\"Sobre nosotros\"}]},{\"@type\":\"WebSite\",\"@id\":\"https:\/\/038arquitectura.com\/es\/#website\",\"url\":\"https:\/\/038arquitectura.com\/es\/\",\"name\":\"038 Arquitectura\",\"description\":\"\",\"publisher\":{\"@id\":\"https:\/\/038arquitectura.com\/es\/#organization\"},\"potentialAction\":[{\"@type\":\"SearchAction\",\"target\":{\"@type\":\"EntryPoint\",\"urlTemplate\":\"https:\/\/038arquitectura.com\/es\/?s={search_term_string}\"},\"query-input\":{\"@type\":\"PropertyValueSpecification\",\"valueRequired\":true,\"valueName\":\"search_term_string\"}}],\"inLanguage\":\"es\"},{\"@type\":\"Organization\",\"@id\":\"https:\/\/038arquitectura.com\/es\/#organization\",\"name\":\"038 Arquitectura\",\"url\":\"https:\/\/038arquitectura.com\/es\/\",\"logo\":{\"@type\":\"ImageObject\",\"inLanguage\":\"es\",\"@id\":\"https:\/\/038arquitectura.com\/es\/#\/schema\/logo\/image\/\",\"url\":\"https:\/\/038arquitectura.com\/wp-content\/uploads\/2021\/07\/header_80K.png\",\"contentUrl\":\"https:\/\/038arquitectura.com\/wp-content\/uploads\/2021\/07\/header_80K.png\",\"width\":1845,\"height\":1189,\"caption\":\"038 Arquitectura\"},\"image\":{\"@id\":\"https:\/\/038arquitectura.com\/es\/#\/schema\/logo\/image\/\"}}]}<\/script>\n<!-- \/ Yoast SEO plugin. -->","yoast_head_json":{"title":"Sobre nosotros - 038 Arquitectura","robots":{"index":"index","follow":"follow","max-snippet":"max-snippet:-1","max-image-preview":"max-image-preview:large","max-video-preview":"max-video-preview:-1"},"canonical":"https:\/\/038arquitectura.com\/sobre-nosaltres\/","og_locale":"es_ES","og_type":"article","og_title":"Sobre nosotros - 038 Arquitectura","og_description":"Sobre nosotros 16 a\u00f1os creando proyectos con alma. De la mano de Eva Gayol\u00e0 y Albert Santal\u00f3, hemos realizado una amplia gama de proyectos de rehabilitaci\u00f3n, de obra nueva, paisaj\u00edsticos, urban\u00edsticos, de peque\u00f1a y gran escala. Nos mueve el acompa\u00f1amiento del cliente en la escucha de todo lo que formar\u00e1... Read more","og_url":"https:\/\/038arquitectura.com\/sobre-nosaltres\/","og_site_name":"038 Arquitectura","article_modified_time":"2024-05-26T19:42:25+00:00","og_image":[{"url":"https:\/\/038arquitectura.com\/wp-content\/uploads\/2021\/06\/JD-Exterior5.jpg","type":"","width":"","height":""}],"twitter_card":"summary_large_image","twitter_misc":{"Tiempo de lectura":"1 minuto"},"schema":{"@context":"https:\/\/schema.org","@graph":[{"@type":"WebPage","@id":"https:\/\/038arquitectura.com\/sobre-nosaltres\/","url":"https:\/\/038arquitectura.com\/sobre-nosaltres\/","name":"Sobre nosotros - 038 Arquitectura","isPartOf":{"@id":"https:\/\/038arquitectura.com\/es\/#website"},"primaryImageOfPage":{"@id":"https:\/\/038arquitectura.com\/sobre-nosaltres\/#primaryimage"},"image":{"@id":"https:\/\/038arquitectura.com\/sobre-nosaltres\/#primaryimage"},"thumbnailUrl":"https:\/\/038arquitectura.com\/wp-content\/uploads\/2021\/06\/JD-Exterior5.jpg","datePublished":"2021-06-17T04:49:13+00:00","dateModified":"2024-05-26T19:42:25+00:00","breadcrumb":{"@id":"https:\/\/038arquitectura.com\/sobre-nosaltres\/#breadcrumb"},"inLanguage":"es","potentialAction":[{"@type":"ReadAction","target":["https:\/\/038arquitectura.com\/sobre-nosaltres\/"]}]},{"@type":"ImageObject","inLanguage":"es","@id":"https:\/\/038arquitectura.com\/sobre-nosaltres\/#primaryimage","url":"https:\/\/038arquitectura.com\/wp-content\/uploads\/2021\/06\/JD-Exterior5.jpg","contentUrl":"https:\/\/038arquitectura.com\/wp-content\/uploads\/2021\/06\/JD-Exterior5.jpg"},{"@type":"BreadcrumbList","@id":"https:\/\/038arquitectura.com\/sobre-nosaltres\/#breadcrumb","itemListElement":[{"@type":"ListItem","position":1,"name":"Inici","item":"https:\/\/038arquitectura.com\/es\/"},{"@type":"ListItem","position":2,"name":"Sobre nosotros"}]},{"@type":"WebSite","@id":"https:\/\/038arquitectura.com\/es\/#website","url":"https:\/\/038arquitectura.com\/es\/","name":"038 Arquitectura","description":"","publisher":{"@id":"https:\/\/038arquitectura.com\/es\/#organization"},"potentialAction":[{"@type":"SearchAction","target":{"@type":"EntryPoint","urlTemplate":"https:\/\/038arquitectura.com\/es\/?s={search_term_string}"},"query-input":{"@type":"PropertyValueSpecification","valueRequired":true,"valueName":"search_term_string"}}],"inLanguage":"es"},{"@type":"Organization","@id":"https:\/\/038arquitectura.com\/es\/#organization","name":"038 Arquitectura","url":"https:\/\/038arquitectura.com\/es\/","logo":{"@type":"ImageObject","inLanguage":"es","@id":"https:\/\/038arquitectura.com\/es\/#\/schema\/logo\/image\/","url":"https:\/\/038arquitectura.com\/wp-content\/uploads\/2021\/07\/header_80K.png","contentUrl":"https:\/\/038arquitectura.com\/wp-content\/uploads\/2021\/07\/header_80K.png","width":1845,"height":1189,"caption":"038 Arquitectura"},"image":{"@id":"https:\/\/038arquitectura.com\/es\/#\/schema\/logo\/image\/"}}]}},"_links":{"self":[{"href":"https:\/\/038arquitectura.com\/es\/wp-json\/wp\/v2\/pages\/2424","targetHints":{"allow":["GET"]}}],"collection":[{"href":"https:\/\/038arquitectura.com\/es\/wp-json\/wp\/v2\/pages"}],"about":[{"href":"https:\/\/038arquitectura.com\/es\/wp-json\/wp\/v2\/types\/page"}],"author":[{"embeddable":true,"href":"https:\/\/038arquitectura.com\/es\/wp-json\/wp\/v2\/users\/1"}],"replies":[{"embeddable":true,"href":"https:\/\/038arquitectura.com\/es\/wp-json\/wp\/v2\/comments?post=2424"}],"version-history":[{"count":3,"href":"https:\/\/038arquitectura.com\/es\/wp-json\/wp\/v2\/pages\/2424\/revisions"}],"predecessor-version":[{"id":2427,"href":"https:\/\/038arquitectura.com\/es\/wp-json\/wp\/v2\/pages\/2424\/revisions\/2427"}],"wp:attachment":[{"href":"https:\/\/038arquitectura.com\/es\/wp-json\/wp\/v2\/media?parent=2424"}],"curies":[{"name":"wp","href":"https:\/\/api.w.org\/{rel}","templated":true}]}}